{"id":2541,"date":"2022-06-16T13:13:37","date_gmt":"2022-06-16T13:13:37","guid":{"rendered":"https:\/\/www.okbueno.es\/?page_id=2541"},"modified":"2025-09-22T16:29:32","modified_gmt":"2025-09-22T16:29:32","slug":"formacion","status":"publish","type":"page","link":"https:\/\/mireiacomacros.com\/en\/formacion\/","title":{"rendered":"Training"},"content":{"rendered":"<div      class=\"vc_row wpb_row section vc_row-fluid  vc_custom_1681199722155 grid_section\" style=' text-align:center;'><div class=\"section_inner clearfix\"><div class='section_inner_margin clearfix'><div class=\"wpb_column vc_column_container vc_col-sm-12 vc_hidden-sm vc_hidden-xs\"><div class=\"vc_column-inner vc_custom_1681199506222\"><div class=\"wpb_wrapper\">\t<div class=\"vc_empty_space\"  style=\"height: 200px\" ><span\n\t\t\tclass=\"vc_empty_space_inner\">\n\t\t\t<span class=\"empty_space_image\"  ><\/span>\n\t\t<\/span><\/div>\n\n<\/div><\/div><\/div><\/div><\/div><\/div><div      class=\"vc_row wpb_row section vc_row-fluid  vc_custom_1681200613099 grid_section\" style=' text-align:center;'><div class=\"section_inner clearfix\"><div class='section_inner_margin clearfix'><div class=\"wpb_column vc_column_container vc_col-sm-12\"><div class=\"vc_column-inner vc_custom_1681200576441\"><div class=\"wpb_wrapper\">\n\t<div class=\"wpb_text_column wpb_content_element  vc_custom_1758558440380\">\n\t\t<div class=\"wpb_wrapper\">\n\t\t\t<h1 style=\"text-align: center;\"><span style=\"color: #e3ad89;\"><strong>Yoga para Personas con C\u00e1ncer y Enfermedades Cr\u00f3nicas<\/strong><\/span><\/h1>\n<p>&nbsp;<\/p>\n<h3 style=\"text-align: center;\"><strong><span style=\"color: #808080;\">6\u00aa edici\u00f3n: 28 de noviembre de 2025<\/span><\/strong><\/h3>\n<p>&nbsp;<\/p>\n<h4 style=\"text-align: center;\"><span style=\"color: #808080;\">En colaboraci\u00f3n con la Asociaci\u00f3n Yoga Sin Fronteras. Para m\u00e1s informaci\u00f3n:<\/span><\/h4>\n<h3 style=\"text-align: center;\"><\/h3>\n<h3 style=\"text-align: center;\"><\/h3>\n<footer><\/footer>\n\n\t\t<\/div> \n\t<\/div> <\/div><\/div><\/div><\/div><\/div><\/div><div      class=\"vc_row wpb_row section vc_row-fluid  vc_custom_1681200373010 grid_section\" style=' text-align:center;'><div class=\"section_inner clearfix\"><div class='section_inner_margin clearfix'><div class=\"wpb_column vc_column_container vc_col-sm-12\"><div class=\"vc_column-inner vc_custom_1681200181907\"><div class=\"wpb_wrapper\">\n\t<div class=\"wpb_single_image wpb_content_element vc_align_center\">\n\t\t<div class=\"wpb_wrapper\">\n\t\t\t\n\t\t\t<a href=\"https:\/\/yogasinfronteras.org\/formacion-de-yoga-para-personas-con-cancer-y-enfermedades-cronicas\/\" target=\"_self\"><div class=\"vc_single_image-wrapper   vc_box_border_grey\"><img width=\"300\" height=\"241\" src=\"https:\/\/mireiacomacros.com\/wp-content\/uploads\/2023\/03\/Logo-Yoga-Sin-Fronteras-300x241.jpg\" class=\"vc_single_image-img attachment-medium\" alt=\"\" srcset=\"https:\/\/mireiacomacros.com\/wp-content\/uploads\/2023\/03\/Logo-Yoga-Sin-Fronteras-300x241.jpg 300w, https:\/\/mireiacomacros.com\/wp-content\/uploads\/2023\/03\/Logo-Yoga-Sin-Fronteras-1024x821.jpg 1024w, https:\/\/mireiacomacros.com\/wp-content\/uploads\/2023\/03\/Logo-Yoga-Sin-Fronteras-768x616.jpg 768w, https:\/\/mireiacomacros.com\/wp-content\/uploads\/2023\/03\/Logo-Yoga-Sin-Fronteras-15x12.jpg 15w, https:\/\/mireiacomacros.com\/wp-content\/uploads\/2023\/03\/Logo-Yoga-Sin-Fronteras-700x561.jpg 700w, https:\/\/mireiacomacros.com\/wp-content\/uploads\/2023\/03\/Logo-Yoga-Sin-Fronteras-1300x1049.jpg 1300w, https:\/\/mireiacomacros.com\/wp-content\/uploads\/2023\/03\/Logo-Yoga-Sin-Fronteras.jpg 1308w\" sizes=\"(max-width: 300px) 100vw, 300px\" \/><\/div><\/a>\n\t\t<\/div>\n\t<\/div>\n<div class=\"separator  normal\" style=\"\"><\/div>\n<\/div><\/div><\/div><\/div><\/div><\/div><div      class=\"vc_row wpb_row section vc_row-fluid  grid_section\" style=' text-align:center;'><div class=\"section_inner clearfix\"><div class='section_inner_margin clearfix'><div class=\"wpb_column vc_column_container vc_col-sm-12\"><div class=\"vc_column-inner\"><div class=\"wpb_wrapper\">\n\t<div class=\"wpb_text_column wpb_content_element\">\n\t\t<div class=\"wpb_wrapper\">\n\t\t\t<h3 style=\"text-align: center;\"><strong><span style=\"color: #808080;\">Directoras de la formaci\u00f3n:<\/span><\/strong><\/h3>\n<p>&nbsp;<\/p>\n<h4 style=\"text-align: center;\"><span style=\"color: #808080;\">\u00a0Dra. Natalia Iriarte, <\/span><span style=\"color: #808080;\">MD, PhD, Directora M\u00e9dica de la Unidad de Enfermedades Avanzadas y Cuidados Paliativos de la Cl\u00ednica Cuides UIC (Barcelona) y <\/span><span style=\"color: #808080;\">Mireia Coma-Cros<\/span><\/h4>\n<p>&nbsp;<\/p>\n<h4 style=\"text-align: center;\"><span style=\"color: #808080;\">Introducci\u00f3n a cargo del Dr. Joan Albanell, Jefe de Servicio de Oncolog\u00eda M\u00e9dica del Hospital del Mar (Barcelona) y Catedr\u00e1tico de Oncolog\u00eda de la Universidad Pompeu Fabra.<\/span><\/h4>\n\n\t\t<\/div> \n\t<\/div> <div class=\"separator  normal\" style=\"\"><\/div>\n\t<div class=\"vc_empty_space\"  style=\"height: 18px\" ><span\n\t\t\tclass=\"vc_empty_space_inner\">\n\t\t\t<span class=\"empty_space_image\"  ><\/span>\n\t\t<\/span><\/div>\n\n\n\t<div class=\"wpb_text_column wpb_content_element\">\n\t\t<div class=\"wpb_wrapper\">\n\t\t\t<h3 style=\"text-align: center;\"><span style=\"color: #808080;\"><strong>Equipo de la formaci\u00f3n<\/strong><\/span><\/h3>\n\n\t\t<\/div> \n\t<\/div> <\/div><\/div><\/div><\/div><\/div><\/div><div      class=\"vc_row wpb_row section vc_row-fluid\" style=' text-align:left;'><div class=\"full_section_inner clearfix\"><div class=\"wpb_column vc_column_container vc_col-sm-12\"><div class=\"vc_column-inner\"><div class=\"wpb_wrapper\">\n\t<div class=\"wpb_single_image wpb_content_element vc_align_center\">\n\t\t<div class=\"wpb_wrapper\">\n\t\t\t\n\t\t\t<div class=\"vc_single_image-wrapper   vc_box_border_grey\"><img width=\"657\" height=\"1024\" src=\"https:\/\/mireiacomacros.com\/wp-content\/uploads\/2024\/01\/web-professionals-657x1024.jpg\" class=\"vc_single_image-img attachment-large\" alt=\"\" srcset=\"https:\/\/mireiacomacros.com\/wp-content\/uploads\/2024\/01\/web-professionals-657x1024.jpg 657w, https:\/\/mireiacomacros.com\/wp-content\/uploads\/2024\/01\/web-professionals-192x300.jpg 192w, https:\/\/mireiacomacros.com\/wp-content\/uploads\/2024\/01\/web-professionals-768x1197.jpg 768w, https:\/\/mireiacomacros.com\/wp-content\/uploads\/2024\/01\/web-professionals-986x1536.jpg 986w, https:\/\/mireiacomacros.com\/wp-content\/uploads\/2024\/01\/web-professionals-1314x2048.jpg 1314w, https:\/\/mireiacomacros.com\/wp-content\/uploads\/2024\/01\/web-professionals-8x12.jpg 8w, https:\/\/mireiacomacros.com\/wp-content\/uploads\/2024\/01\/web-professionals-700x1091.jpg 700w, https:\/\/mireiacomacros.com\/wp-content\/uploads\/2024\/01\/web-professionals-scaled.jpg 1643w\" sizes=\"(max-width: 657px) 100vw, 657px\" \/><\/div>\n\t\t<\/div>\n\t<\/div>\n<\/div><\/div><\/div><\/div><\/div>","protected":false},"excerpt":{"rendered":"Yoga para Personas con C\u00e1ncer y Enfermedades Cr\u00f3nicas &nbsp; 6\u00aa edici\u00f3n: 28 de noviembre de 2025 &nbsp; En colaboraci\u00f3n con la Asociaci\u00f3n Yoga Sin Fronteras. Para m\u00e1s informaci\u00f3n: Directoras de la formaci\u00f3n: &nbsp; \u00a0Dra. Natalia Iriarte, MD, PhD, Directora M\u00e9dica de la Unidad de Enfermedades...","protected":false},"author":1,"featured_media":0,"parent":0,"menu_order":0,"comment_status":"closed","ping_status":"closed","template":"full_width.php","meta":{"_links_to":"","_links_to_target":""},"_links":{"self":[{"href":"https:\/\/mireiacomacros.com\/en\/wp-json\/wp\/v2\/pages\/2541"}],"collection":[{"href":"https:\/\/mireiacomacros.com\/en\/wp-json\/wp\/v2\/pages"}],"about":[{"href":"https:\/\/mireiacomacros.com\/en\/wp-json\/wp\/v2\/types\/page"}],"author":[{"embeddable":true,"href":"https:\/\/mireiacomacros.com\/en\/wp-json\/wp\/v2\/users\/1"}],"replies":[{"embeddable":true,"href":"https:\/\/mireiacomacros.com\/en\/wp-json\/wp\/v2\/comments?post=2541"}],"version-history":[{"count":506,"href":"https:\/\/mireiacomacros.com\/en\/wp-json\/wp\/v2\/pages\/2541\/revisions"}],"predecessor-version":[{"id":4172,"href":"https:\/\/mireiacomacros.com\/en\/wp-json\/wp\/v2\/pages\/2541\/revisions\/4172"}],"wp:attachment":[{"href":"https:\/\/mireiacomacros.com\/en\/wp-json\/wp\/v2\/media?parent=2541"}],"curies":[{"name":"wp","href":"https:\/\/api.w.org\/{rel}","templated":true}]}}